{"id":399,"date":"2021-01-28T20:15:56","date_gmt":"2021-01-28T20:15:56","guid":{"rendered":"https:\/\/grupo-impresor.com\/saludprohibida\/?post_type=product&#038;p=399"},"modified":"2021-04-01T18:14:34","modified_gmt":"2021-04-01T18:14:34","slug":"salud-prohibida-libro-digital","status":"publish","type":"product","link":"https:\/\/grupo-impresor.com\/saludprohibida\/producto\/salud-prohibida-libro-digital\/","title":{"rendered":"Salud Prohibida &#8211; Libro Impreso"},"content":{"rendered":"<h3>Nuestro Objetivo.<\/h3>\n<p class=\"p1\">Difundir la medicina Integrativa, hacer que el mundo conozca que la reparaci\u00f3n de los problemas de salud no es solo patrimonio de la medicina convencional, si no tambi\u00e9n de todas las especialidades complementarias, bajo una perspectiva integral del ser humano, motivando a m\u00e9dicos, profesionales de salud y personas interesadas de la medicina integrativa, para estudiar, aprender y practicar otros m\u00e9todos de diagn\u00f3stico y tratamiento , sumando y complementando a la medicina convencional.<\/p>\n","protected":false},"excerpt":{"rendered":"<h4>Ficha T\u00e9cnica<\/h4>\n<p class=\"p1\"><strong>PORTADA<\/strong><\/p>\n<p class=\"p3\">Papel couche brillante 300 grs.<\/p>\n<p class=\"p3\">Formato abierto: 36,50 x 24,00 cm<\/p>\n<p class=\"p3\">Impreso a full color anverso\/ lacado UV Brillo<\/p>\n<p class=\"p1\"><strong>INTERIORES<\/strong><\/p>\n<p class=\"p3\">452 P\u00c1GINAS en Papel BOND DE 90 GRAMOS.<\/p>\n<p class=\"p3\">Formato P\u00e1gina: 17.00 x 24.00 cm<\/p>\n<p class=\"p3\">Impreso en Blanco\/ Negro y a full Color<\/p>\n<p class=\"p3\">Portada: Encuadernado con lomo cocido y encolado con pega hot mail. Retractilado.<\/p>\n<p class=\"p1\"><strong>C\u00d3DIGO ISBN 13<\/strong><\/p>\n<p class=\"p3\">9 788460 880059<\/p>\n","protected":false},"featured_media":401,"comment_status":"open","ping_status":"closed","template":"","meta":{"nf_dc_page":"","om_disable_all_campaigns":false},"product_brand":[],"product_cat":[37],"product_tag":[41,39,40,38,44],"class_list":{"0":"post-399","1":"product","2":"type-product","3":"status-publish","4":"has-post-thumbnail","6":"product_cat-salud","7":"product_tag-medicina-alternativa","8":"product_tag-medicos","9":"product_tag-profesionales","10":"product_tag-salud","11":"product_tag-terapeutas","13":"first","14":"instock","15":"taxable","16":"shipping-taxable","17":"purchasable","18":"product-type-simple"},"_links":{"self":[{"href":"https:\/\/grupo-impresor.com\/saludprohibida\/wp-json\/wp\/v2\/product\/399","targetHints":{"allow":["GET"]}}],"collection":[{"href":"https:\/\/grupo-impresor.com\/saludprohibida\/wp-json\/wp\/v2\/product"}],"about":[{"href":"https:\/\/grupo-impresor.com\/saludprohibida\/wp-json\/wp\/v2\/types\/product"}],"replies":[{"embeddable":true,"href":"https:\/\/grupo-impresor.com\/saludprohibida\/wp-json\/wp\/v2\/comments?post=399"}],"wp:featuredmedia":[{"embeddable":true,"href":"https:\/\/grupo-impresor.com\/saludprohibida\/wp-json\/wp\/v2\/media\/401"}],"wp:attachment":[{"href":"https:\/\/grupo-impresor.com\/saludprohibida\/wp-json\/wp\/v2\/media?parent=399"}],"wp:term":[{"taxonomy":"product_brand","embeddable":true,"href":"https:\/\/grupo-impresor.com\/saludprohibida\/wp-json\/wp\/v2\/product_brand?post=399"},{"taxonomy":"product_cat","embeddable":true,"href":"https:\/\/grupo-impresor.com\/saludprohibida\/wp-json\/wp\/v2\/product_cat?post=399"},{"taxonomy":"product_tag","embeddable":true,"href":"https:\/\/grupo-impresor.com\/saludprohibida\/wp-json\/wp\/v2\/product_tag?post=399"}],"curies":[{"name":"wp","href":"https:\/\/api.w.org\/{rel}","templated":true}]}}